{"id":2106,"date":"2016-10-03T18:15:47","date_gmt":"2016-10-03T18:15:47","guid":{"rendered":"https:\/\/demo09.houzez.co\/?page_id=2106"},"modified":"2025-12-11T14:34:53","modified_gmt":"2025-12-11T14:34:53","slug":"about-us","status":"publish","type":"page","link":"https:\/\/nidumproperties.com\/?page_id=2106","title":{"rendered":"Sobre nosotros"},"content":{"rendered":"\t\t<div data-elementor-type=\"wp-post\" data-elementor-id=\"2106\" class=\"elementor elementor-2106\">\n\t\t\t\t\t\t<section class=\"elementor-section elementor-top-section elementor-element elementor-element-cc284a1 elementor-section-boxed elementor-section-height-default elementor-section-height-default elementor-invisible\" data-id=\"cc284a1\" data-element_type=\"section\" data-settings=\"{&quot;animation&quot;:&quot;fadeIn&quot;}\">\n\t\t\t\t\t\t<div class=\"elementor-container elementor-column-gap-default\">\n\t\t\t\t\t<div class=\"elementor-column elementor-col-100 elementor-top-column elementor-element elementor-element-00f0c9e\" data-id=\"00f0c9e\" data-element_type=\"column\">\n\t\t\t<div class=\"elementor-widget-wrap elementor-element-populated\">\n\t\t\t\t\t\t<div class=\"elementor-element elementor-element-26525ad elementor-widget elementor-widget-houzez_elementor_space\" data-id=\"26525ad\" data-element_type=\"widget\" data-widget_type=\"houzez_elementor_space.default\">\n\t\t\t\t<div class=\"elementor-widget-container\">\n\t\t\t\t\t        <div class=\"houzez-spacer\">\n            <div class=\"houzez-spacer-inner\"><\/div>\n        <\/div>\n        \t\t\t\t<\/div>\n\t\t\t\t<\/div>\n\t\t\t\t<div class=\"elementor-element elementor-element-8604a95 elementor-widget elementor-widget-houzez_elementor_space\" data-id=\"8604a95\" data-element_type=\"widget\" data-widget_type=\"houzez_elementor_space.default\">\n\t\t\t\t<div class=\"elementor-widget-container\">\n\t\t\t\t\t        <div class=\"houzez-spacer\">\n            <div class=\"houzez-spacer-inner\"><\/div>\n        <\/div>\n        \t\t\t\t<\/div>\n\t\t\t\t<\/div>\n\t\t\t\t<div class=\"elementor-element elementor-element-a31fd8d elementor-widget elementor-widget-text-editor\" data-id=\"a31fd8d\" data-element_type=\"widget\" data-widget_type=\"text-editor.default\">\n\t\t\t\t\t\t\t\t\t<h4 data-start=\"477\" data-end=\"543\"><strong>En NIDUM creemos que el hogar perfecto no se encuentra: se crea.<\/strong><\/h4><p data-start=\"550\" data-end=\"759\">\u00a0<\/p><p data-start=\"550\" data-end=\"759\">Cada persona que conf\u00eda en nosotros llega con un sue\u00f1o, una historia o una necesidad distinta. Nuestro trabajo consiste en escuchar, comprender y acompa\u00f1ar ese proceso con sensibilidad, experiencia y visi\u00f3n.<\/p><p data-start=\"766\" data-end=\"1042\">Nos implicamos en cada proyecto como si fuera propio, cuidando cada detalle, desde la b\u00fasqueda de la propiedad hasta su reforma y decoraci\u00f3n. Queremos que cada espacio que tocamos refleje la esencia de quien lo habita.<\/p><p data-start=\"1049\" data-end=\"1276\">Sabemos que el sector inmobiliario se ha vuelto fr\u00edo, impersonal y muchas veces injusto. Por eso nacemos como una alternativa. En lugar de perseguir comisiones o m\u00e9tricas, apostamos por relaciones humanas y resultados reales.<\/p><p data-start=\"1283\" data-end=\"1461\">NIDUM no es solo un equipo: es una red de profesionales interconectados \u2014agentes, interioristas, arquitectos y creativos\u2014 que comparten una misma forma de entender los hogares.<\/p><p data-start=\"1468\" data-end=\"1567\">Para nosotros, cada propiedad tiene un alma, y cada cliente, una historia que merece ser contada.<\/p><p data-start=\"1574\" data-end=\"1674\">Por eso, m\u00e1s que vender casas, ayudamos a crear hogares llenos de significado, equilibrio y belleza.<\/p>\t\t\t\t\t\t\t\t<\/div>\n\t\t\t\t<div class=\"elementor-element elementor-element-6506df2 elementor-widget elementor-widget-houzez_elementor_space\" data-id=\"6506df2\" data-element_type=\"widget\" data-widget_type=\"houzez_elementor_space.default\">\n\t\t\t\t<div class=\"elementor-widget-container\">\n\t\t\t\t\t        <div class=\"houzez-spacer\">\n            <div class=\"houzez-spacer-inner\"><\/div>\n        <\/div>\n        \t\t\t\t<\/div>\n\t\t\t\t<\/div>\n\t\t\t\t\t<\/div>\n\t\t<\/div>\n\t\t\t\t\t<\/div>\n\t\t<\/section>\n\t\t<div class=\"elementor-element elementor-element-a307c62 e-flex e-con-boxed e-con e-parent\" data-id=\"a307c62\" data-element_type=\"container\">\n\t\t\t\t\t<div class=\"e-con-inner\">\n\t\t\t\t<div class=\"elementor-element elementor-element-e212e64 elementor-widget elementor-widget-houzez_site_menu\" data-id=\"e212e64\" data-element_type=\"widget\" data-widget_type=\"houzez_site_menu.default\">\n\t\t\t\t<div class=\"elementor-widget-container\">\n\t\t\t\t\t\n     \t        <div class=\"houzez-ele-menu-e212e64 houzez-nav-menu-main-desktop-wrap houzez-hide-menu-tablet hz-show-menu-desktop \">\n\t    \t<nav class=\"main-ele-nav houzez-nav-menu-main on-hover-menu with-angle-icon houzez-nav-menu-layout-horizontal animation-fade pointer-underline\" role=\"navigation\" aria-hidden=\"false\">\n\t\t\t\t<ul id=\"main-nav-e212e64\" class=\"navbar-nav houzez-elementor-menu\"><li id=\"menu-item-2874\" class=\"menu-item menu-item-type-post_type menu-item-object-page nav-item menu-item-2874 menu-item-design-default\"><a  class=\"nav-link \" href=\"https:\/\/nidumproperties.com\/?page_id=2871\">SERVICIOS<\/a> <\/li>\n<li id=\"menu-item-2103\" class=\"menu-item menu-item-type-post_type menu-item-object-page current_page_parent menu-item-has-children nav-item menu-item-2103 menu-item-design-default dropdown\"><a  class=\"nav-link dropdown-toggle\" href=\"https:\/\/nidumproperties.com\/?page_id=2703\">PROYECTOS<\/a> \n<ul class=\"dropdown-menu\">\n\t<li id=\"menu-item-2919\" class=\"menu-item menu-item-type-post_type menu-item-object-page nav-item menu-item-2919\"><a  class=\"dropdown-item \" href=\"https:\/\/nidumproperties.com\/?page_id=2916\">COMPRAR<\/a> <\/li>\n\t<li id=\"menu-item-2913\" class=\"menu-item menu-item-type-post_type menu-item-object-page nav-item menu-item-2913\"><a  class=\"dropdown-item \" href=\"https:\/\/nidumproperties.com\/?page_id=2907\">VENDER<\/a> <\/li>\n<\/ul>\n<\/li>\n<li id=\"menu-item-2115\" class=\"menu-item menu-item-type-post_type menu-item-object-page menu-item-has-children nav-item menu-item-2115 menu-item-design-default dropdown\"><a  class=\"nav-link dropdown-toggle\" href=\"https:\/\/nidumproperties.com\/?page_id=2106\">SOBRE NIDUM<\/a> \n<ul class=\"dropdown-menu\">\n\t<li id=\"menu-item-2114\" class=\"menu-item menu-item-type-post_type menu-item-object-page nav-item menu-item-2114\"><a  class=\"dropdown-item \" href=\"https:\/\/nidumproperties.com\/?page_id=2108\">EQUIPO<\/a> <\/li>\n<\/ul>\n<\/li>\n<li id=\"menu-item-2113\" class=\"menu-item menu-item-type-post_type menu-item-object-page nav-item menu-item-2113 menu-item-design-default\"><a  class=\"nav-link \" href=\"https:\/\/nidumproperties.com\/?page_id=2111\">CONTACTO<\/a> <\/li>\n<\/ul>\t\t\t<\/nav>\n\t\t<\/div><!-- houzez-nav-menu-main-desktop-wrap -->\n\t\t\n\t\t\t\t<div class=\"houzez-ele-mobile-menu-e212e64 nav-mobile houzez-show-menu-tablet \">\n\t\t\t\n\t\t\n\t\t\t<div class=\"houzez-menu-toggle-button\" data-bs-toggle=\"offcanvas\" data-bs-target=\"#hz-offcanvas-ele-menu-juj53\" aria-controls=\"hz-offcanvas-ele-menu-juj53\" aria-expanded=\"false\">\n\t\t\t\t\t\t\t\t\t<i class=\"houzez-icon icon-navigation-menu hz-navigation-open\"><\/i>\n\t\t\t\t\t\t\t\t<\/div> <!-- .houzez-menu-toggle-button -->\n\t\t\t\n\t\t\t<div class=\"main-nav navbar houzez-elementor-mobile-menu\">\n\t\t\t\t<div class=\"offcanvas offcanvas-start offcanvas-mobile-menu\" tabindex=\"-1\" id=\"hz-offcanvas-ele-menu-juj53\" aria-labelledby=\"hz-offcanvas-ele-menu-label\">\n\t\t\t\t\t<div class=\"offcanvas-header\">\n\t\t\t\t\t\t<div class=\"offcanvas-title fs-6\" id=\"hz-offcanvas-ele-menu-label\">Menu<\/div>\n\t\t\t\t\t\t<button type=\"button\" class=\"btn-close\" data-bs-dismiss=\"offcanvas\">\n\t\t\t\t\t\t\t<i class=\"houzez-icon icon-close\"><\/i>\n\t\t\t\t\t\t<\/button>\n\t\t\t\t\t<\/div>\n\t\t\t\t\t<div class=\"offcanvas-mobile-menu-body\">\n\t\t\t\t\t\t<ul id=\"main-mobile-nav-e212e64\" class=\"navbar-nav mobile-navbar-nav\"><li class=\"menu-item menu-item-type-post_type menu-item-object-page nav-item menu-item-2874 menu-item-design-default\"><a  class=\"nav-link \" href=\"https:\/\/nidumproperties.com\/?page_id=2871\">SERVICIOS<\/a> <\/li>\n<li class=\"menu-item menu-item-type-post_type menu-item-object-page current_page_parent menu-item-has-children nav-item menu-item-2103 menu-item-design-default dropdown\"><a  class=\"nav-link \" href=\"https:\/\/nidumproperties.com\/?page_id=2703\">PROYECTOS<\/a> <span class=\"nav-mobile-trigger dropdown-toggle\" role=\"button\" data-bs-toggle=\"dropdown\" data-bs-auto-close=\"outside\" aria-expanded=\"false\">\n                <i class=\"houzez-icon arrow-down-1\"><\/i>\n            <\/span>\n<ul class=\"dropdown-menu\">\n\t<li class=\"menu-item menu-item-type-post_type menu-item-object-page nav-item menu-item-2919\"><a  class=\"dropdown-item \" href=\"https:\/\/nidumproperties.com\/?page_id=2916\">COMPRAR<\/a> <\/li>\n\t<li class=\"menu-item menu-item-type-post_type menu-item-object-page nav-item menu-item-2913\"><a  class=\"dropdown-item \" href=\"https:\/\/nidumproperties.com\/?page_id=2907\">VENDER<\/a> <\/li>\n<\/ul>\n<\/li>\n<li class=\"menu-item menu-item-type-post_type menu-item-object-page menu-item-has-children nav-item menu-item-2115 menu-item-design-default dropdown\"><a  class=\"nav-link \" href=\"https:\/\/nidumproperties.com\/?page_id=2106\">SOBRE NIDUM<\/a> <span class=\"nav-mobile-trigger dropdown-toggle\" role=\"button\" data-bs-toggle=\"dropdown\" data-bs-auto-close=\"outside\" aria-expanded=\"false\">\n                <i class=\"houzez-icon arrow-down-1\"><\/i>\n            <\/span>\n<ul class=\"dropdown-menu\">\n\t<li class=\"menu-item menu-item-type-post_type menu-item-object-page nav-item menu-item-2114\"><a  class=\"dropdown-item \" href=\"https:\/\/nidumproperties.com\/?page_id=2108\">EQUIPO<\/a> <\/li>\n<\/ul>\n<\/li>\n<li class=\"menu-item menu-item-type-post_type menu-item-object-page nav-item menu-item-2113 menu-item-design-default\"><a  class=\"nav-link \" href=\"https:\/\/nidumproperties.com\/?page_id=2111\">CONTACTO<\/a> <\/li>\n<\/ul>\t\t\t\t\t<\/div>\n\t\t\t\t<\/div>\n\t\t\t<\/div><!-- main-nav -->\n\n\t\t<\/div>\n\t\t\t\t\t\t<\/div>\n\t\t\t\t<\/div>\n\t\t\t\t\t<\/div>\n\t\t\t\t<\/div>\n\t\t\t\t<\/div>\n\t\t","protected":false},"excerpt":{"rendered":"<p>En NIDUM creemos que el hogar perfecto no se encuentra: se crea. \u00a0 Cada persona que conf\u00eda en nosotros llega con un sue\u00f1o, una historia o una necesidad distinta. Nuestro trabajo consiste en escuchar, comprender y acompa\u00f1ar ese proceso con sensibilidad, experiencia y visi\u00f3n. Nos implicamos en cada proyecto como si fuera propio, cuidando cada [&hellip;]<\/p>\n","protected":false},"author":1,"featured_media":0,"parent":0,"menu_order":0,"comment_status":"closed","ping_status":"closed","template":"elementor_header_footer","meta":{"content-type":"","_monsterinsights_skip_tracking":false,"_monsterinsights_sitenote_active":false,"_monsterinsights_sitenote_note":"","_monsterinsights_sitenote_category":0,"footnotes":""},"class_list":["post-2106","page","type-page","status-publish","hentry"],"aioseo_notices":[],"_links":{"self":[{"href":"https:\/\/nidumproperties.com\/index.php?rest_route=\/wp\/v2\/pages\/2106","targetHints":{"allow":["GET"]}}],"collection":[{"href":"https:\/\/nidumproperties.com\/index.php?rest_route=\/wp\/v2\/pages"}],"about":[{"href":"https:\/\/nidumproperties.com\/index.php?rest_route=\/wp\/v2\/types\/page"}],"author":[{"embeddable":true,"href":"https:\/\/nidumproperties.com\/index.php?rest_route=\/wp\/v2\/users\/1"}],"replies":[{"embeddable":true,"href":"https:\/\/nidumproperties.com\/index.php?rest_route=%2Fwp%2Fv2%2Fcomments&post=2106"}],"version-history":[{"count":35,"href":"https:\/\/nidumproperties.com\/index.php?rest_route=\/wp\/v2\/pages\/2106\/revisions"}],"predecessor-version":[{"id":2877,"href":"https:\/\/nidumproperties.com\/index.php?rest_route=\/wp\/v2\/pages\/2106\/revisions\/2877"}],"wp:attachment":[{"href":"https:\/\/nidumproperties.com\/index.php?rest_route=%2Fwp%2Fv2%2Fmedia&parent=2106"}],"curies":[{"name":"wp","href":"https:\/\/api.w.org\/{rel}","templated":true}]}}