{"id":2108,"date":"2016-10-03T18:17:12","date_gmt":"2016-10-03T18:17:12","guid":{"rendered":"https:\/\/demo09.houzez.co\/?page_id=2108"},"modified":"2025-10-13T09:52:35","modified_gmt":"2025-10-13T09:52:35","slug":"our-agents","status":"publish","type":"page","link":"https:\/\/nidumproperties.com\/?page_id=2108","title":{"rendered":"Our Agents"},"content":{"rendered":"\t\t<div data-elementor-type=\"wp-post\" data-elementor-id=\"2108\" class=\"elementor elementor-2108\">\n\t\t\t\t\t\t<section class=\"elementor-section elementor-top-section elementor-element elementor-element-23cb568 elementor-section-boxed elementor-section-height-default elementor-section-height-default elementor-invisible\" data-id=\"23cb568\" data-element_type=\"section\" data-settings=\"{&quot;animation&quot;:&quot;fadeIn&quot;}\">\n\t\t\t\t\t\t<div class=\"elementor-container elementor-column-gap-default\">\n\t\t\t\t\t<div class=\"elementor-column elementor-col-100 elementor-top-column elementor-element elementor-element-b3e98b4\" data-id=\"b3e98b4\" data-element_type=\"column\">\n\t\t\t<div class=\"elementor-widget-wrap elementor-element-populated\">\n\t\t\t\t\t\t<div class=\"elementor-element elementor-element-3541e27 elementor-widget elementor-widget-houzez_elementor_space\" data-id=\"3541e27\" data-element_type=\"widget\" data-widget_type=\"houzez_elementor_space.default\">\n\t\t\t\t<div class=\"elementor-widget-container\">\n\t\t\t\t\t        <div class=\"houzez-spacer\">\n            <div class=\"houzez-spacer-inner\"><\/div>\n        <\/div>\n        \t\t\t\t<\/div>\n\t\t\t\t<\/div>\n\t\t\t\t\t<\/div>\n\t\t<\/div>\n\t\t\t\t\t<\/div>\n\t\t<\/section>\n\t\t<div class=\"elementor-element elementor-element-de33276 e-flex e-con-boxed e-con e-parent\" data-id=\"de33276\" data-element_type=\"container\">\n\t\t\t\t\t<div class=\"e-con-inner\">\n\t\t\t\t<div class=\"elementor-element elementor-element-a53d348 elementor-widget elementor-widget-houzez_elementor_space\" data-id=\"a53d348\" data-element_type=\"widget\" data-widget_type=\"houzez_elementor_space.default\">\n\t\t\t\t<div class=\"elementor-widget-container\">\n\t\t\t\t\t        <div class=\"houzez-spacer\">\n            <div class=\"houzez-spacer-inner\"><\/div>\n        <\/div>\n        \t\t\t\t<\/div>\n\t\t\t\t<\/div>\n\t\t\t\t\t<\/div>\n\t\t\t\t<\/div>\n\t\t<div class=\"elementor-element elementor-element-038099d e-flex e-con-boxed e-con e-parent\" data-id=\"038099d\" data-element_type=\"container\">\n\t\t\t\t\t<div class=\"e-con-inner\">\n\t\t\t\t<div class=\"elementor-element elementor-element-70020b9 elementor-widget elementor-widget-houzez_elementor_agents\" data-id=\"70020b9\" data-element_type=\"widget\" data-widget_type=\"houzez_elementor_agents.default\">\n\t\t\t\t<div class=\"elementor-widget-container\">\n\t\t\t\t\t\n        <!--start agents module-->\n                    <div class=\"agent-module agents-grid\">\n                <div class=\"grid-view row row-cols-1 row-cols-md-2 row-cols-lg-3 row-cols-xl-3\">\n\n                <div class=\"agent-grid-wrap agent-item d-flex flex-column align-items-center text-center\">\n\t<div class=\"agent-grid-image-wrap mb-3\">\n\t\t<a class=\"agent-grid-image d-block\" href=\"https:\/\/nidumproperties.com\/?houzez_agent=samuel-palmer\">\n\t\t\t<img decoding=\"async\" width=\"150\" height=\"150\" src=\"https:\/\/nidumproperties.com\/wp-content\/uploads\/2016\/02\/agent-4.jpg\" class=\"img-fluid rounded-circle wp-post-image\" alt=\"\" \/>\t\t\t\n\t\t<\/a>\n\t<\/div>\n\n\t<div class=\"agent-info\">\n\t\t<div class=\"agent-name\">\n\t\t\t<a href=\"https:\/\/nidumproperties.com\/?houzez_agent=samuel-palmer\" class=\"text-decoration-none\">Marc Martinez<\/a>\n\t\t<\/div>\n\n\t\t<div class=\"agent-company\">\n\t\t\t                CEO                            \t\t<\/div>\n\t<\/div>\n\t<div class=\"agent-body py-3\">\n\t\t<p>En Nidum, mi objetivo es transformar todo lo que aprendemos de cada cliente y de...<\/p>\n\t<\/div>\n\t<div class=\"agent-link\">\n\t\t<a href=\"https:\/\/nidumproperties.com\/?houzez_agent=samuel-palmer\">Ver perfil<\/a>\n\t<\/div>\n<\/div><div class=\"agent-grid-wrap agent-item d-flex flex-column align-items-center text-center\">\n\t<div class=\"agent-grid-image-wrap mb-3\">\n\t\t<a class=\"agent-grid-image d-block\" href=\"https:\/\/nidumproperties.com\/?houzez_agent=vincent-fuller\">\n\t\t\t<img decoding=\"async\" width=\"150\" height=\"150\" src=\"https:\/\/nidumproperties.com\/wp-content\/uploads\/2016\/02\/agent-3.jpg\" class=\"img-fluid rounded-circle wp-post-image\" alt=\"\" \/>\t\t\t\n\t\t<\/a>\n\t<\/div>\n\n\t<div class=\"agent-info\">\n\t\t<div class=\"agent-name\">\n\t\t\t<a href=\"https:\/\/nidumproperties.com\/?houzez_agent=vincent-fuller\" class=\"text-decoration-none\">Gerard Martinez<\/a>\n\t\t<\/div>\n\n\t\t<div class=\"agent-company\">\n\t\t\t                CEO                            \t\t<\/div>\n\t<\/div>\n\t<div class=\"agent-body py-3\">\n\t\t<p>Licenciado en Dise\u00f1o de Interiores y Producto, cuento con m\u00e1s de diez a\u00f1os de trayectoria...<\/p>\n\t<\/div>\n\t<div class=\"agent-link\">\n\t\t<a href=\"https:\/\/nidumproperties.com\/?houzez_agent=vincent-fuller\">Ver perfil<\/a>\n\t<\/div>\n<\/div><div class=\"agent-grid-wrap agent-item d-flex flex-column align-items-center text-center\">\n\t<div class=\"agent-grid-image-wrap mb-3\">\n\t\t<a class=\"agent-grid-image d-block\" href=\"https:\/\/nidumproperties.com\/?houzez_agent=brittany-watkins\">\n\t\t\t<img decoding=\"async\" width=\"150\" height=\"150\" src=\"https:\/\/nidumproperties.com\/wp-content\/uploads\/2016\/02\/agent-2.jpg\" class=\"img-fluid rounded-circle wp-post-image\" alt=\"\" srcset=\"https:\/\/nidumproperties.com\/wp-content\/uploads\/2016\/02\/agent-2.jpg 800w, https:\/\/nidumproperties.com\/wp-content\/uploads\/2016\/02\/agent-2-780x780.jpg 780w\" sizes=\"(max-width: 150px) 100vw, 150px\" \/>\t\t\t\n\t\t<\/a>\n\t<\/div>\n\n\t<div class=\"agent-info\">\n\t\t<div class=\"agent-name\">\n\t\t\t<a href=\"https:\/\/nidumproperties.com\/?houzez_agent=brittany-watkins\" class=\"text-decoration-none\">Marta L\u00f3pez<\/a>\n\t\t<\/div>\n\n\t\t<div class=\"agent-company\">\n\t\t\t                CEO                            \t\t<\/div>\n\t<\/div>\n\t<div class=\"agent-body py-3\">\n\t\t<p>En Nidum, mi papel es dar voz a cada proyecto: definir c\u00f3mo se cuenta, qu\u00e9...<\/p>\n\t<\/div>\n\t<div class=\"agent-link\">\n\t\t<a href=\"https:\/\/nidumproperties.com\/?houzez_agent=brittany-watkins\">Ver perfil<\/a>\n\t<\/div>\n<\/div>                <\/div>\n            <\/div><!-- agent-module -->\n\n                <!--end post agents module-->\n\n\n        \t\t\t\t<\/div>\n\t\t\t\t<\/div>\n\t\t\t\t\t<\/div>\n\t\t\t\t<\/div>\n\t\t\t\t<\/div>\n\t\t","protected":false},"excerpt":{"rendered":"<p>Samuel Palmer CEO , Realty Property Inc. Lorem ipsum dolor sit amet, consectetur adipiscing elit. Suspendisse luctus ligula ac faucibus faucibus. Cras&#8230; View Profile Vincent Fuller Agent , Cool Houses Inc. Lorem ipsum dolor sit amet, consectetur adipiscing elit. Suspendisse luctus ligula ac faucibus faucibus. Cras&#8230; View Profile Brittany Watkins Agent , Smart Houses Inc. [&hellip;]<\/p>\n","protected":false},"author":1,"featured_media":0,"parent":0,"menu_order":0,"comment_status":"closed","ping_status":"closed","template":"elementor_header_footer","meta":{"content-type":"","_monsterinsights_skip_tracking":false,"_monsterinsights_sitenote_active":false,"_monsterinsights_sitenote_note":"","_monsterinsights_sitenote_category":0,"footnotes":""},"class_list":["post-2108","page","type-page","status-publish","hentry"],"aioseo_notices":[],"_links":{"self":[{"href":"https:\/\/nidumproperties.com\/index.php?rest_route=\/wp\/v2\/pages\/2108","targetHints":{"allow":["GET"]}}],"collection":[{"href":"https:\/\/nidumproperties.com\/index.php?rest_route=\/wp\/v2\/pages"}],"about":[{"href":"https:\/\/nidumproperties.com\/index.php?rest_route=\/wp\/v2\/types\/page"}],"author":[{"embeddable":true,"href":"https:\/\/nidumproperties.com\/index.php?rest_route=\/wp\/v2\/users\/1"}],"replies":[{"embeddable":true,"href":"https:\/\/nidumproperties.com\/index.php?rest_route=%2Fwp%2Fv2%2Fcomments&post=2108"}],"version-history":[{"count":13,"href":"https:\/\/nidumproperties.com\/index.php?rest_route=\/wp\/v2\/pages\/2108\/revisions"}],"predecessor-version":[{"id":2822,"href":"https:\/\/nidumproperties.com\/index.php?rest_route=\/wp\/v2\/pages\/2108\/revisions\/2822"}],"wp:attachment":[{"href":"https:\/\/nidumproperties.com\/index.php?rest_route=%2Fwp%2Fv2%2Fmedia&parent=2108"}],"curies":[{"name":"wp","href":"https:\/\/api.w.org\/{rel}","templated":true}]}}