{"id":2907,"date":"2025-10-23T13:09:33","date_gmt":"2025-10-23T13:09:33","guid":{"rendered":"https:\/\/nidumproperties.com\/?page_id=2907"},"modified":"2025-12-11T14:27:36","modified_gmt":"2025-12-11T14:27:36","slug":"vender","status":"publish","type":"page","link":"https:\/\/nidumproperties.com\/?page_id=2907","title":{"rendered":"Vender"},"content":{"rendered":"\t\t<div data-elementor-type=\"wp-page\" data-elementor-id=\"2907\" class=\"elementor elementor-2907\">\n\t\t\t\t\t\t<section class=\"elementor-section elementor-top-section elementor-element elementor-element-3c76aa8e elementor-section-boxed elementor-section-height-default elementor-section-height-default elementor-invisible\" data-id=\"3c76aa8e\" data-element_type=\"section\" data-settings=\"{&quot;animation&quot;:&quot;fadeIn&quot;}\">\n\t\t\t\t\t\t<div class=\"elementor-container elementor-column-gap-default\">\n\t\t\t\t\t<div class=\"elementor-column elementor-col-100 elementor-top-column elementor-element elementor-element-5eb1bc12\" data-id=\"5eb1bc12\" data-element_type=\"column\">\n\t\t\t<div class=\"elementor-widget-wrap elementor-element-populated\">\n\t\t\t\t\t\t<div class=\"elementor-element elementor-element-233356a1 elementor-widget elementor-widget-houzez_elementor_space\" data-id=\"233356a1\" data-element_type=\"widget\" data-widget_type=\"houzez_elementor_space.default\">\n\t\t\t\t<div class=\"elementor-widget-container\">\n\t\t\t\t\t        <div class=\"houzez-spacer\">\n            <div class=\"houzez-spacer-inner\"><\/div>\n        <\/div>\n        \t\t\t\t<\/div>\n\t\t\t\t<\/div>\n\t\t\t\t<div class=\"elementor-element elementor-element-d3b88f2 elementor-widget elementor-widget-houzez_elementor_space\" data-id=\"d3b88f2\" data-element_type=\"widget\" data-widget_type=\"houzez_elementor_space.default\">\n\t\t\t\t<div class=\"elementor-widget-container\">\n\t\t\t\t\t        <div class=\"houzez-spacer\">\n            <div class=\"houzez-spacer-inner\"><\/div>\n        <\/div>\n        \t\t\t\t<\/div>\n\t\t\t\t<\/div>\n\t\t\t\t<div class=\"elementor-element elementor-element-272a7620 elementor-widget elementor-widget-heading\" data-id=\"272a7620\" data-element_type=\"widget\" data-widget_type=\"heading.default\">\n\t\t\t\t\t<h2 class=\"elementor-heading-title elementor-size-large\">Nuestro enfoque transforma la venta en una experiencia de valor<\/h2>\t\t\t\t<\/div>\n\t\t\t\t<div class=\"elementor-element elementor-element-e43f5b6 elementor-widget elementor-widget-heading\" data-id=\"e43f5b6\" data-element_type=\"widget\" data-widget_type=\"heading.default\">\n\t\t\t\t\t<span class=\"elementor-heading-title elementor-size-medium\">En NIDUM sabemos que vender tu hogar es mucho m\u00e1s que cerrar un trato. Es dar paso a una nueva etapa con tranquilidad, claridad y acompa\u00f1amiento.\n\nPor eso, te gu\u00eda un equipo que combina experiencia inmobiliaria, sensibilidad est\u00e9tica e integridad: analizamos el mercado, dise\u00f1amos la estrategia, ejecutamos con rigor y te mantenemos informado en cada paso.\n\nTu propiedad merece ser tratada como lo que es: un espacio con historia, posibilidades y un potencial que queremos maximizar contigo.<\/span>\t\t\t\t<\/div>\n\t\t\t\t<div class=\"elementor-element elementor-element-1e586e1 elementor-widget elementor-widget-spacer\" data-id=\"1e586e1\" data-element_type=\"widget\" data-widget_type=\"spacer.default\">\n\t\t\t\t\t\t\t<div class=\"elementor-spacer\">\n\t\t\t<div class=\"elementor-spacer-inner\"><\/div>\n\t\t<\/div>\n\t\t\t\t\t\t<\/div>\n\t\t\t\t<div class=\"elementor-element elementor-element-e6c90d8 elementor-widget elementor-widget-houzez_elementor_section_title\" data-id=\"e6c90d8\" data-element_type=\"widget\" data-widget_type=\"houzez_elementor_section_title.default\">\n\t\t\t\t<div class=\"elementor-widget-container\">\n\t\t\t\t\t            <div class=\"houzez_section_title_wrap section-title-module\">\n                                    <h2 class=\"houzez_section_title\">Tres pasos esenciales para un resultado \u00f3ptimo<\/h2>\n                \n                                    <p class=\"houzez_section_subtitle\">Desde la valoraci\u00f3n inicial hasta la firma, con transparencia y eficacia<\/p>\n                            <\/div>\n            \t\t\t\t<\/div>\n\t\t\t\t<\/div>\n\t\t\t\t\t<\/div>\n\t\t<\/div>\n\t\t\t\t\t<\/div>\n\t\t<\/section>\n\t\t\t\t<section class=\"elementor-section elementor-top-section elementor-element elementor-element-363716ae elementor-section-boxed elementor-section-height-default elementor-section-height-default elementor-invisible\" data-id=\"363716ae\" data-element_type=\"section\" data-settings=\"{&quot;animation&quot;:&quot;fadeIn&quot;}\">\n\t\t\t\t\t\t<div class=\"elementor-container elementor-column-gap-default\">\n\t\t\t\t\t<div class=\"elementor-column elementor-col-100 elementor-top-column elementor-element elementor-element-15272e24\" data-id=\"15272e24\" data-element_type=\"column\">\n\t\t\t<div class=\"elementor-widget-wrap elementor-element-populated\">\n\t\t\t\t\t\t<div class=\"elementor-element elementor-element-47b96db elementor-widget elementor-widget-houzez_elementor_icon_box\" data-id=\"47b96db\" data-element_type=\"widget\" data-widget_type=\"houzez_elementor_icon_box.default\">\n\t\t\t\t<div class=\"elementor-widget-container\">\n\t\t\t\t\t\n        <div class=\"text-with-icons-module row row-cols-1 row-cols-md-2 row-cols-lg-3 g-0\">\n            \n                        <div class=\"text-with-icon-item text-with-icon-item-v1 text-center\">\n                            <div class=\"houzez-icon icon-thumb\">\n            \n                                <img decoding=\"async\" width=\"40\" height=\"40\" src=\"https:\/\/nidumproperties.com\/wp-content\/uploads\/2025\/10\/icon-user-idea@40x40.svg\" class=\"attachment-thumbnail size-thumbnail\" alt=\"\" \/>                            <\/div><!-- icon-thumb -->\n                            <div class=\"text-with-icon-info\">\n                                <div class=\"text-with-icon-title\">\n                                    <strong>Valoraci\u00f3n estrat\u00e9gica<\/strong>\n                                <\/div><!-- text-with-icon-title -->\n                                <div class=\"text-with-icon-body\">\n                                    <p style=\"text-align: left\">Valoramos tu vivienda y su contexto, para fijar un precio realista que atraiga y fidelice.                                <\/div><!-- text-with-icon-body -->\n                            <\/div><!-- text-with-icon-info -->\n\n                            \n                        <\/div><!-- text-with-icon-item  -->\n                    \n                        <div class=\"text-with-icon-item text-with-icon-item-v1 text-center\">\n                            <div class=\"houzez-icon icon-thumb\">\n            \n                                <img decoding=\"async\" width=\"40\" height=\"40\" src=\"https:\/\/nidumproperties.com\/wp-content\/uploads\/2025\/10\/icon-target-correct@40x40.svg\" class=\"attachment-thumbnail size-thumbnail\" alt=\"\" \/>                            <\/div><!-- icon-thumb -->\n                            <div class=\"text-with-icon-info\">\n                                <div class=\"text-with-icon-title\">\n                                    <strong>Presentaci\u00f3n y difusi\u00f3n premium<\/strong>\n                                <\/div><!-- text-with-icon-title -->\n                                <div class=\"text-with-icon-body\">\n                                    <p style=\"text-align: left\">Fotograf\u00eda profesional, home-staging, difusi\u00f3n nacional e internacional. Hacemos que tu propiedad destaque.                                <\/div><!-- text-with-icon-body -->\n                            <\/div><!-- text-with-icon-info -->\n\n                            \n                        <\/div><!-- text-with-icon-item  -->\n                    \n                        <div class=\"text-with-icon-item text-with-icon-item-v1 text-center\">\n                            <div class=\"houzez-icon icon-thumb\">\n            \n                                <img decoding=\"async\" width=\"40\" height=\"40\" src=\"https:\/\/nidumproperties.com\/wp-content\/uploads\/2025\/10\/icon-certified-ribbon-1@40x40.svg\" class=\"attachment-thumbnail size-thumbnail\" alt=\"\" \/>                            <\/div><!-- icon-thumb -->\n                            <div class=\"text-with-icon-info\">\n                                <div class=\"text-with-icon-title\">\n                                    <strong>Gesti\u00f3n integral del proceso<\/strong>\n                                <\/div><!-- text-with-icon-title -->\n                                <div class=\"text-with-icon-body\">\n                                    <p style=\"text-align: left\">Visitantes seleccionados, negociaci\u00f3n gestionada, tr\u00e1mites coordinados y acompa\u00f1amiento hasta la escritura.                                <\/div><!-- text-with-icon-body -->\n                            <\/div><!-- text-with-icon-info -->\n\n                            \n                        <\/div><!-- text-with-icon-item  -->\n                            <\/div>\n    \t\t\t\t<\/div>\n\t\t\t\t<\/div>\n\t\t\t\t<div class=\"elementor-element elementor-element-7da009c5 elementor-widget elementor-widget-houzez_elementor_space\" data-id=\"7da009c5\" data-element_type=\"widget\" data-widget_type=\"houzez_elementor_space.default\">\n\t\t\t\t<div class=\"elementor-widget-container\">\n\t\t\t\t\t        <div class=\"houzez-spacer\">\n            <div class=\"houzez-spacer-inner\"><\/div>\n        <\/div>\n        \t\t\t\t<\/div>\n\t\t\t\t<\/div>\n\t\t\t\t<div class=\"elementor-element elementor-element-2559f1b6 elementor-widget elementor-widget-heading\" data-id=\"2559f1b6\" data-element_type=\"widget\" data-widget_type=\"heading.default\">\n\t\t\t\t\t<h2 class=\"elementor-heading-title elementor-size-large\">\u00bfQuieres saber cu\u00e1nto vale tu vivienda?<\/h2>\t\t\t\t<\/div>\n\t\t\t\t<div class=\"elementor-element elementor-element-2462f407 elementor-button-align-stretch elementor-widget elementor-widget-houzez_elementor_inquiry_form\" data-id=\"2462f407\" data-element_type=\"widget\" data-widget_type=\"houzez_elementor_inquiry_form.default\">\n\t\t\t\t<div class=\"elementor-widget-container\">\n\t\t\t\t\t\n        <script type=\"application\/javascript\">\n            jQuery(document).bind(\"ready\", function () {\n                houzezValidateElementor(\"#houzez-form-2462f407\" );\n            });\n        <\/script>\n\n\n        <form class=\"elementor-form houzez-ele-form-js\" id=\"houzez-form-2462f407\" method=\"post\" name=\"New Form\" action=\"https:\/\/nidumproperties.com\/wp-admin\/admin-ajax.php\">\n            <input type=\"hidden\" name=\"form_id\" value=\"2462f407\"\/>\n            <input type=\"hidden\" name=\"action\" value=\"houzez_ele_inquiry_form\" \/>\n            <input type=\"hidden\" name=\"source_link\" value=\"https:\/\/nidumproperties.com\/?page_id=2907\" \/>\n            <input type=\"hidden\" name=\"lead_page_id\" value=\"2907\" \/>\n            <input type=\"hidden\" name=\"is_estimation\" value=\"yes\" \/>\n            <input type=\"hidden\" name=\"webhook\" value=\"false\" \/>\n            <input type=\"hidden\" name=\"webhook_url\" value=\"\" \/>\n            <input type=\"hidden\" name=\"redirect_to\" value=\"\" \/>\n            <input type=\"hidden\" name=\"google_recaptcha\" value=\"false\" \/>\n\n            <div class=\"elementor-form-fields-wrapper elementor-labels-above\">\n\n                                    <div class=\"elementor-field-group elementor-column form-group elementor-field-group-b66c734 elementor-col-33 elementor-field-required\">\n                    <label for=\"form-field-b66c734\" class=\"form-label elementor-field-label\">Informaci\u00f3n personal<\/label>        <div class=\"elementor-field elementor-select-wrapper\">\n            <select name=\"user_type\" id=\"form-field-b66c734\" class=\"elementor-field-textual form-control elementor-size-sm\" required=\"required\" title=\"* Informaci\u00f3n personal\">\n                <option value=\"\">Seleccionar<\/option><option value=\"\"><\/option><option value=\"Sr\">Sr<\/option><option value=\"Sra\">Sra<\/option>            <\/select>\n        <\/div>\n                            <\/div>\n\n                                        <div class=\"elementor-field-group elementor-column form-group elementor-field-group-ac32e68 elementor-col-33 elementor-field-required\">\n                    <label for=\"form-field-ac32e68\" class=\"form-label elementor-field-label\">&nbsp;<\/label><input type=\"text\" name=\"first_name\" id=\"form-field-ac32e68\" class=\"elementor-field form-control elementor-size-sm elementor-field-textual\" placeholder=\"Nombre\" title=\"* Nombre\" required=\"required\">                    <\/div>\n\n                                        <div class=\"elementor-field-group elementor-column form-group elementor-field-group-7304c05 elementor-col-33 elementor-field-required\">\n                    <label for=\"form-field-7304c05\" class=\"form-label elementor-field-label\">&nbsp;<\/label><input type=\"text\" name=\"last_name\" id=\"form-field-7304c05\" class=\"elementor-field form-control elementor-size-sm elementor-field-textual\" placeholder=\"Apellido\" title=\"* Apellido\" required=\"required\">                    <\/div>\n\n                                        <div class=\"elementor-field-group elementor-column form-group elementor-field-group-7b74074 elementor-col-66 elementor-field-required\">\n                    <input type=\"email\" name=\"email\" id=\"form-field-7b74074\" class=\"elementor-field form-control elementor-size-sm elementor-field-textual\" placeholder=\"Email \" title=\"* Email \" required=\"required\">                    <\/div>\n\n                                        <div class=\"elementor-field-group elementor-column form-group elementor-field-group-e92d2c5 elementor-col-33 elementor-field-required\">\n                    <input type=\"text\" name=\"mobile\" id=\"form-field-e92d2c5\" class=\"elementor-field form-control elementor-size-sm elementor-field-textual\" placeholder=\"Tel\u00e9fono\" title=\"* Tel\u00e9fono\" required=\"required\">                    <\/div>\n\n                                        <div class=\"elementor-field-group elementor-column form-group elementor-field-group-08ee178 elementor-col-33 elementor-field-required\">\n                    <label for=\"form-field-08ee178\" class=\"form-label elementor-field-label\">Informaci\u00f3n de la vivienda<\/label><input type=\"text\" name=\"e_meta[zipcode]\" id=\"form-field-08ee178\" class=\"elementor-field form-control elementor-size-sm elementor-field-textual\" placeholder=\"Calle\" title=\"* Informaci\u00f3n de la vivienda\" required=\"required\">                    <\/div>\n\n                                        <div class=\"elementor-field-group elementor-column form-group elementor-field-group-cfcfcd6 elementor-col-33 elementor-field-required\">\n                    <label for=\"form-field-cfcfcd6\" class=\"form-label elementor-field-label\">&nbsp;<\/label><input type=\"text\" name=\"e_meta[zipcode]\" id=\"form-field-cfcfcd6\" class=\"elementor-field form-control elementor-size-sm elementor-field-textual\" placeholder=\"C\u00f3digo postal\" title=\"* C\u00f3digo postal\" required=\"required\">                    <\/div>\n\n                                        <div class=\"elementor-field-group elementor-column form-group elementor-field-group-5e7d721 elementor-col-33\">\n                    <label for=\"form-field-5e7d721\" class=\"form-label elementor-field-label\">&nbsp;<\/label><input type=\"text\" name=\"e_meta[zipcode]\" id=\"form-field-5e7d721\" class=\"elementor-field form-control elementor-size-sm elementor-field-textual\" placeholder=\"Poblaci\u00f3n\" title=\"* Poblaci\u00f3n\">                    <\/div>\n\n                                        <div class=\"elementor-field-group elementor-column form-group elementor-field-group-c3053de elementor-col-33 elementor-field-required\">\n                    <input type=\"number\" name=\"e_meta[beds]\" id=\"form-field-c3053de\" class=\"elementor-field form-control elementor-size-sm elementor-field-textual\" placeholder=\"Habitaciones\" title=\"* Habitaciones\" required=\"required\" min=\"0\">                    <\/div>\n\n                                        <div class=\"elementor-field-group elementor-column form-group elementor-field-group-ca559d7 elementor-col-33 elementor-field-required\">\n                    <input type=\"number\" name=\"e_meta[baths]\" id=\"form-field-ca559d7\" class=\"elementor-field form-control elementor-size-sm elementor-field-textual\" placeholder=\"Ba\u00f1os\" title=\"* Ba\u00f1os\" required=\"required\" min=\"0\">                    <\/div>\n\n                                        <div class=\"elementor-field-group elementor-column form-group elementor-field-group-3dbb366 elementor-col-33 elementor-field-required\">\n                    <input type=\"number\" name=\"e_meta[price]\" id=\"form-field-3dbb366\" class=\"elementor-field form-control elementor-size-sm elementor-field-textual\" placeholder=\"Tu precio\" title=\"* Tu precio\" required=\"required\" min=\"0\">                    <\/div>\n\n                    \n                    \n                    \n                    \n                    \n                    <div class=\"elementor-field-group elementor-column elementor-field-type-submit elementor-col-100\">\n                    <button type=\"submit\" class=\"houzez-submit-button houzez-contact-form-js elementor-button elementor-size-sm\">\n                        <i class=\"houzez-loader-js houzez-hidden spinner-border spinner-border-sm\"><\/i>\n                                                    Enviar                                            <\/button>\n                <\/div>\n            <\/div><!-- End wrapper-->\n            <br\/>\n            <div class=\"ele-form-messages\"><\/div>\n            <div class=\"error-container\"><\/div>\n\n        <\/form>\n\n    \t\t\t\t<\/div>\n\t\t\t\t<\/div>\n\t\t\t\t<div class=\"elementor-element elementor-element-49ef6004 elementor-widget elementor-widget-houzez_elementor_space\" data-id=\"49ef6004\" data-element_type=\"widget\" data-widget_type=\"houzez_elementor_space.default\">\n\t\t\t\t<div class=\"elementor-widget-container\">\n\t\t\t\t\t        <div class=\"houzez-spacer\">\n            <div class=\"houzez-spacer-inner\"><\/div>\n        <\/div>\n        \t\t\t\t<\/div>\n\t\t\t\t<\/div>\n\t\t\t\t\t<\/div>\n\t\t<\/div>\n\t\t\t\t\t<\/div>\n\t\t<\/section>\n\t\t<div class=\"elementor-element elementor-element-ddaecb8 e-flex e-con-boxed e-con e-parent\" data-id=\"ddaecb8\" data-element_type=\"container\">\n\t\t\t\t\t<div class=\"e-con-inner\">\n\t\t\t\t\t<\/div>\n\t\t\t\t<\/div>\n\t\t<div class=\"elementor-element elementor-element-e7cce5f e-flex e-con-boxed e-con e-parent\" data-id=\"e7cce5f\" data-element_type=\"container\">\n\t\t\t\t\t<div class=\"e-con-inner\">\n\t\t\t\t\t<\/div>\n\t\t\t\t<\/div>\n\t\t\t\t<\/div>\n\t\t","protected":false},"excerpt":{"rendered":"<p>Nuestro enfoque transforma la venta en una experiencia de valor En NIDUM sabemos que vender tu hogar es mucho m\u00e1s que cerrar un trato. Es dar paso a una nueva etapa con tranquilidad, claridad y acompa\u00f1amiento. Por eso, te gu\u00eda un equipo que combina experiencia inmobiliaria, sensibilidad est\u00e9tica e integridad: analizamos el mercado, dise\u00f1amos la [&hellip;]<\/p>\n","protected":false},"author":1,"featured_media":490,"parent":0,"menu_order":0,"comment_status":"closed","ping_status":"closed","template":"elementor_header_footer","meta":{"content-type":"","_monsterinsights_skip_tracking":false,"_monsterinsights_sitenote_active":false,"_monsterinsights_sitenote_note":"","_monsterinsights_sitenote_category":0,"footnotes":""},"class_list":["post-2907","page","type-page","status-publish","has-post-thumbnail","hentry"],"aioseo_notices":[],"_links":{"self":[{"href":"https:\/\/nidumproperties.com\/index.php?rest_route=\/wp\/v2\/pages\/2907","targetHints":{"allow":["GET"]}}],"collection":[{"href":"https:\/\/nidumproperties.com\/index.php?rest_route=\/wp\/v2\/pages"}],"about":[{"href":"https:\/\/nidumproperties.com\/index.php?rest_route=\/wp\/v2\/types\/page"}],"author":[{"embeddable":true,"href":"https:\/\/nidumproperties.com\/index.php?rest_route=\/wp\/v2\/users\/1"}],"replies":[{"embeddable":true,"href":"https:\/\/nidumproperties.com\/index.php?rest_route=%2Fwp%2Fv2%2Fcomments&post=2907"}],"version-history":[{"count":7,"href":"https:\/\/nidumproperties.com\/index.php?rest_route=\/wp\/v2\/pages\/2907\/revisions"}],"predecessor-version":[{"id":3017,"href":"https:\/\/nidumproperties.com\/index.php?rest_route=\/wp\/v2\/pages\/2907\/revisions\/3017"}],"wp:featuredmedia":[{"embeddable":true,"href":"https:\/\/nidumproperties.com\/index.php?rest_route=\/wp\/v2\/media\/490"}],"wp:attachment":[{"href":"https:\/\/nidumproperties.com\/index.php?rest_route=%2Fwp%2Fv2%2Fmedia&parent=2907"}],"curies":[{"name":"wp","href":"https:\/\/api.w.org\/{rel}","templated":true}]}}