{"id":2916,"date":"2025-11-04T14:33:27","date_gmt":"2025-11-04T14:33:27","guid":{"rendered":"https:\/\/nidumproperties.com\/?page_id=2916"},"modified":"2025-12-11T14:23:53","modified_gmt":"2025-12-11T14:23:53","slug":"comprar","status":"publish","type":"page","link":"https:\/\/nidumproperties.com\/?page_id=2916","title":{"rendered":"Comprar"},"content":{"rendered":"\t\t<div data-elementor-type=\"wp-page\" data-elementor-id=\"2916\" class=\"elementor elementor-2916\">\n\t\t\t\t\t\t<section class=\"elementor-section elementor-top-section elementor-element elementor-element-3c76aa8e elementor-section-boxed elementor-section-height-default elementor-section-height-default elementor-invisible\" data-id=\"3c76aa8e\" data-element_type=\"section\" data-settings=\"{&quot;animation&quot;:&quot;fadeIn&quot;}\">\n\t\t\t\t\t\t<div class=\"elementor-container elementor-column-gap-default\">\n\t\t\t\t\t<div class=\"elementor-column elementor-col-100 elementor-top-column elementor-element elementor-element-5eb1bc12\" data-id=\"5eb1bc12\" data-element_type=\"column\">\n\t\t\t<div class=\"elementor-widget-wrap elementor-element-populated\">\n\t\t\t\t\t\t<div class=\"elementor-element elementor-element-233356a1 elementor-widget elementor-widget-houzez_elementor_space\" data-id=\"233356a1\" data-element_type=\"widget\" data-widget_type=\"houzez_elementor_space.default\">\n\t\t\t\t<div class=\"elementor-widget-container\">\n\t\t\t\t\t        <div class=\"houzez-spacer\">\n            <div class=\"houzez-spacer-inner\"><\/div>\n        <\/div>\n        \t\t\t\t<\/div>\n\t\t\t\t<\/div>\n\t\t\t\t<div class=\"elementor-element elementor-element-d3b88f2 elementor-widget elementor-widget-houzez_elementor_space\" data-id=\"d3b88f2\" data-element_type=\"widget\" data-widget_type=\"houzez_elementor_space.default\">\n\t\t\t\t<div class=\"elementor-widget-container\">\n\t\t\t\t\t        <div class=\"houzez-spacer\">\n            <div class=\"houzez-spacer-inner\"><\/div>\n        <\/div>\n        \t\t\t\t<\/div>\n\t\t\t\t<\/div>\n\t\t\t\t<div class=\"elementor-element elementor-element-272a7620 elementor-widget elementor-widget-heading\" data-id=\"272a7620\" data-element_type=\"widget\" data-widget_type=\"heading.default\">\n\t\t\t\t\t<h2 class=\"elementor-heading-title elementor-size-large\">Buscando hogares que inspiran<\/h2>\t\t\t\t<\/div>\n\t\t\t\t<div class=\"elementor-element elementor-element-e43f5b6 elementor-widget elementor-widget-heading\" data-id=\"e43f5b6\" data-element_type=\"widget\" data-widget_type=\"heading.default\">\n\t\t\t\t\t<span class=\"elementor-heading-title elementor-size-medium\">En  <strong>NIDUM <\/strong>creemos que un hogar no es un producto m\u00e1s que publicar en un cat\u00e1logo. Para nosotros, cada vivienda es un <strong>espacio lleno de historia, posibilidades y emoci\u00f3n<\/strong>. \nPor eso no trabajamos con volumen ni listados impersonales \u2014 trabajamos con intenci\u00f3n.\n <\/p>\nEstamos construyendo una selecci\u00f3n muy cuidada de propiedades que realmente encajen con nuestra filosof\u00eda: <strong>hogares con personalidad, potencial y esencia, no simples metros cuadrados.<\/strong>\n <\/p>\nMientras otras inmobiliarias se centran en acumular anuncios, nosotros preferimos descubrir viviendas que podamos recomendar con total convicci\u00f3n. Lugares que inspiran, que transmiten, que pueden transformarse y convertirse en el escenario de una nueva vida.\n <\/p>\nPronto ver\u00e1s aqu\u00ed espacios que te har\u00e1n imaginar, sentir y proyectar tu historia.\nHasta entonces, si est\u00e1s buscando un hogar y quieres que te acompa\u00f1emos en el proceso, <strong>estaremos encantados de escucharte y ayudarte desde hoy.<\/strong>\n <\/p>\nPorque encontrar casa no deber\u00eda ser cuesti\u00f3n de suerte, sino de visi\u00f3n, dedicaci\u00f3n y sensibilidad.\n <\/p>\n <strong>Comparte con nosotros qu\u00e9 est\u00e1s buscando y nos adelantamos a encontrarlo por ti.<\/strong><\/span>\t\t\t\t<\/div>\n\t\t\t\t<div class=\"elementor-element elementor-element-1e586e1 elementor-widget elementor-widget-spacer\" data-id=\"1e586e1\" data-element_type=\"widget\" data-widget_type=\"spacer.default\">\n\t\t\t\t\t\t\t<div class=\"elementor-spacer\">\n\t\t\t<div class=\"elementor-spacer-inner\"><\/div>\n\t\t<\/div>\n\t\t\t\t\t\t<\/div>\n\t\t\t\t<div class=\"elementor-element elementor-element-e6c90d8 elementor-widget elementor-widget-houzez_elementor_section_title\" data-id=\"e6c90d8\" data-element_type=\"widget\" data-widget_type=\"houzez_elementor_section_title.default\">\n\t\t\t\t<div class=\"elementor-widget-container\">\n\t\t\t\t\t            <div class=\"houzez_section_title_wrap section-title-module\">\n                                    <h2 class=\"houzez_section_title\">\u00bfBuscas casa?<\/h2>\n                \n                                    <p class=\"houzez_section_subtitle\">Cu\u00e9ntanos qu\u00e9 est\u00e1s buscando y nuestro equipo te avisar\u00e1 antes que nadie cuando tengamos una propiedad que encaje contigo.\n<\/p>\n                            <\/div>\n            \t\t\t\t<\/div>\n\t\t\t\t<\/div>\n\t\t\t\t\t<\/div>\n\t\t<\/div>\n\t\t\t\t\t<\/div>\n\t\t<\/section>\n\t\t<div class=\"elementor-element elementor-element-333a369 e-flex e-con-boxed e-con e-parent\" data-id=\"333a369\" data-element_type=\"container\">\n\t\t\t\t\t<div class=\"e-con-inner\">\n\t\t\t\t<div class=\"elementor-element elementor-element-dbf9b26 elementor-button-align-stretch elementor-widget elementor-widget-houzez_elementor_inquiry_form\" data-id=\"dbf9b26\" data-element_type=\"widget\" data-widget_type=\"houzez_elementor_inquiry_form.default\">\n\t\t\t\t<div class=\"elementor-widget-container\">\n\t\t\t\t\t\n        <script type=\"application\/javascript\">\n            jQuery(document).bind(\"ready\", function () {\n                houzezValidateElementor(\"#houzez-form-dbf9b26\" );\n            });\n        <\/script>\n\n\n        <form class=\"elementor-form houzez-ele-form-js\" id=\"houzez-form-dbf9b26\" method=\"post\" name=\"New Form\" action=\"https:\/\/nidumproperties.com\/wp-admin\/admin-ajax.php\">\n            <input type=\"hidden\" name=\"form_id\" value=\"dbf9b26\"\/>\n            <input type=\"hidden\" name=\"action\" value=\"houzez_ele_inquiry_form\" \/>\n            <input type=\"hidden\" name=\"source_link\" value=\"https:\/\/nidumproperties.com\/?page_id=2916\" \/>\n            <input type=\"hidden\" name=\"lead_page_id\" value=\"2916\" \/>\n            <input type=\"hidden\" name=\"is_estimation\" value=\"yes\" \/>\n            <input type=\"hidden\" name=\"webhook\" value=\"false\" \/>\n            <input type=\"hidden\" name=\"webhook_url\" value=\"\" \/>\n            <input type=\"hidden\" name=\"redirect_to\" value=\"\" \/>\n            <input type=\"hidden\" name=\"google_recaptcha\" value=\"false\" \/>\n\n            <div class=\"elementor-form-fields-wrapper elementor-labels-above\">\n\n                                    <div class=\"elementor-field-group elementor-column form-group elementor-field-group-4440b6a elementor-col-33 elementor-field-required\">\n                    <label for=\"form-field-4440b6a\" class=\"form-label elementor-field-label\">Informaci\u00f3n personal<\/label>        <div class=\"elementor-field elementor-select-wrapper\">\n            <select name=\"user_type\" id=\"form-field-4440b6a\" class=\"elementor-field-textual form-control elementor-size-sm\" required=\"required\" title=\"* Informaci\u00f3n personal\">\n                            <\/select>\n        <\/div>\n                            <\/div>\n\n                                        <div class=\"elementor-field-group elementor-column form-group elementor-field-group-6fd8bf9 elementor-col-33 elementor-field-required\">\n                    <label for=\"form-field-6fd8bf9\" class=\"form-label elementor-field-label\">&nbsp;<\/label><input type=\"text\" name=\"first_name\" id=\"form-field-6fd8bf9\" class=\"elementor-field form-control elementor-size-sm elementor-field-textual\" placeholder=\"Nombre\" title=\"* Nombre\" required=\"required\">                    <\/div>\n\n                                        <div class=\"elementor-field-group elementor-column form-group elementor-field-group-cde47b1 elementor-col-33 elementor-field-required\">\n                    <label for=\"form-field-cde47b1\" class=\"form-label elementor-field-label\">&nbsp;<\/label><input type=\"text\" name=\"last_name\" id=\"form-field-cde47b1\" class=\"elementor-field form-control elementor-size-sm elementor-field-textual\" placeholder=\"Apellido\" title=\"* Apellido\" required=\"required\">                    <\/div>\n\n                                        <div class=\"elementor-field-group elementor-column form-group elementor-field-group-7a91a6c elementor-col-66 elementor-field-required\">\n                    <input type=\"email\" name=\"email\" id=\"form-field-7a91a6c\" class=\"elementor-field form-control elementor-size-sm elementor-field-textual\" placeholder=\"Email\" title=\"* Email\" required=\"required\">                    <\/div>\n\n                                        <div class=\"elementor-field-group elementor-column form-group elementor-field-group-3a65e21 elementor-col-33 elementor-field-required\">\n                    <input type=\"text\" name=\"mobile\" id=\"form-field-3a65e21\" class=\"elementor-field form-control elementor-size-sm elementor-field-textual\" placeholder=\"Tel\u00e9fono\" title=\"* Tel\u00e9fono\" required=\"required\">                    <\/div>\n\n                                        <div class=\"elementor-field-group elementor-column form-group elementor-field-group-dec9a09 elementor-col-33\">\n                    <label for=\"form-field-dec9a09\" class=\"form-label elementor-field-label\">Informaci\u00f3n vivienda<\/label><input type=\"text\" name=\"e_meta[zipcode]\" id=\"form-field-dec9a09\" class=\"elementor-field form-control elementor-size-sm elementor-field-textual\" placeholder=\"Zona\" title=\"* Informaci\u00f3n vivienda\">                    <\/div>\n\n                                        <div class=\"elementor-field-group elementor-column form-group elementor-field-group-250d661 elementor-col-33\">\n                    <label for=\"form-field-250d661\" class=\"form-label elementor-field-label\">&nbsp;<\/label><input type=\"text\" name=\"e_meta[zipcode]\" id=\"form-field-250d661\" class=\"elementor-field form-control elementor-size-sm elementor-field-textual\" placeholder=\"C\u00f3digo postal\" title=\"* C\u00f3digo postal\">                    <\/div>\n\n                                        <div class=\"elementor-field-group elementor-column form-group elementor-field-group-73882eb elementor-col-33\">\n                    <label for=\"form-field-73882eb\" class=\"form-label elementor-field-label\">&nbsp;<\/label><input type=\"text\" name=\"e_meta[zipcode]\" id=\"form-field-73882eb\" class=\"elementor-field form-control elementor-size-sm elementor-field-textual\" placeholder=\"Poblaci\u00f3n\" title=\"* Poblaci\u00f3n\">                    <\/div>\n\n                                        <div class=\"elementor-field-group elementor-column form-group elementor-field-group-8957547 elementor-col-33\">\n                    <input type=\"number\" name=\"e_meta[beds]\" id=\"form-field-8957547\" class=\"elementor-field form-control elementor-size-sm elementor-field-textual\" placeholder=\"Habitaciones\" title=\"* Habitaciones\" min=\"0\">                    <\/div>\n\n                                        <div class=\"elementor-field-group elementor-column form-group elementor-field-group-7bc0310 elementor-col-33\">\n                    <input type=\"number\" name=\"e_meta[baths]\" id=\"form-field-7bc0310\" class=\"elementor-field form-control elementor-size-sm elementor-field-textual\" placeholder=\"Ba\u00f1os\" title=\"* Ba\u00f1os\" min=\"0\">                    <\/div>\n\n                                        <div class=\"elementor-field-group elementor-column form-group elementor-field-group-a9e3bab elementor-col-33\">\n                    <input type=\"number\" name=\"e_meta[max-price]\" id=\"form-field-a9e3bab\" class=\"elementor-field form-control elementor-size-sm elementor-field-textual\" placeholder=\"Precio\" title=\"* Precio\" min=\"0\">                    <\/div>\n\n                    \n                    \n                    \n                    \n                    \n                    <div class=\"elementor-field-group elementor-column elementor-field-type-submit elementor-col-100\">\n                    <button type=\"submit\" class=\"houzez-submit-button houzez-contact-form-js elementor-button elementor-size-sm\">\n                        <i class=\"houzez-loader-js houzez-hidden spinner-border spinner-border-sm\"><\/i>\n                                                    Enviar                                            <\/button>\n                <\/div>\n            <\/div><!-- End wrapper-->\n            <br\/>\n            <div class=\"ele-form-messages\"><\/div>\n            <div class=\"error-container\"><\/div>\n\n        <\/form>\n\n    \t\t\t\t<\/div>\n\t\t\t\t<\/div>\n\t\t\t\t\t<\/div>\n\t\t\t\t<\/div>\n\t\t\t\t<\/div>\n\t\t","protected":false},"excerpt":{"rendered":"<p>Buscando hogares que inspiran En NIDUM creemos que un hogar no es un producto m\u00e1s que publicar en un cat\u00e1logo. Para nosotros, cada vivienda es un espacio lleno de historia, posibilidades y emoci\u00f3n. Por eso no trabajamos con volumen ni listados impersonales \u2014 trabajamos con intenci\u00f3n. Estamos construyendo una selecci\u00f3n muy cuidada de propiedades que [&hellip;]<\/p>\n","protected":false},"author":1,"featured_media":490,"parent":2648,"menu_order":0,"comment_status":"closed","ping_status":"closed","template":"elementor_header_footer","meta":{"content-type":"","_monsterinsights_skip_tracking":false,"_monsterinsights_sitenote_active":false,"_monsterinsights_sitenote_note":"","_monsterinsights_sitenote_category":0,"footnotes":""},"class_list":["post-2916","page","type-page","status-publish","has-post-thumbnail","hentry"],"aioseo_notices":[],"_links":{"self":[{"href":"https:\/\/nidumproperties.com\/index.php?rest_route=\/wp\/v2\/pages\/2916","targetHints":{"allow":["GET"]}}],"collection":[{"href":"https:\/\/nidumproperties.com\/index.php?rest_route=\/wp\/v2\/pages"}],"about":[{"href":"https:\/\/nidumproperties.com\/index.php?rest_route=\/wp\/v2\/types\/page"}],"author":[{"embeddable":true,"href":"https:\/\/nidumproperties.com\/index.php?rest_route=\/wp\/v2\/users\/1"}],"replies":[{"embeddable":true,"href":"https:\/\/nidumproperties.com\/index.php?rest_route=%2Fwp%2Fv2%2Fcomments&post=2916"}],"version-history":[{"count":31,"href":"https:\/\/nidumproperties.com\/index.php?rest_route=\/wp\/v2\/pages\/2916\/revisions"}],"predecessor-version":[{"id":3011,"href":"https:\/\/nidumproperties.com\/index.php?rest_route=\/wp\/v2\/pages\/2916\/revisions\/3011"}],"up":[{"embeddable":true,"href":"https:\/\/nidumproperties.com\/index.php?rest_route=\/wp\/v2\/pages\/2648"}],"wp:featuredmedia":[{"embeddable":true,"href":"https:\/\/nidumproperties.com\/index.php?rest_route=\/wp\/v2\/media\/490"}],"wp:attachment":[{"href":"https:\/\/nidumproperties.com\/index.php?rest_route=%2Fwp%2Fv2%2Fmedia&parent=2916"}],"curies":[{"name":"wp","href":"https:\/\/api.w.org\/{rel}","templated":true}]}}